{"id":9,"date":"2024-01-10T13:09:09","date_gmt":"2024-01-10T13:09:09","guid":{"rendered":"https:\/\/salzburgweddingcompany.com\/?page_id=9"},"modified":"2025-07-11T11:09:07","modified_gmt":"2025-07-11T11:09:07","slug":"wedding-venues-packages","status":"publish","type":"page","link":"https:\/\/salzburgweddingcompany.com\/es\/wedding-venues-packages\/","title":{"rendered":"Lugares de boda"},"content":{"rendered":"<div class=\"carousel-slider-large glide\">\n    <div class=\"centered-content\">\n                <h1 class=\"title fs-1 text-uppercase text-white\"><\/h1>\n    <\/div>\n    <div class=\"glide__track\" data-glide-el=\"track\">\n        <ul class=\"glide__slides\">\n                            <li class=\"glide__slide\">\n                    <div class=\"carousel-bg\"><\/div>\n                    <img loading=\"lazy\" decoding=\"async\" src=\"https:\/\/salzburgweddingcompany.com\/wp-content\/uploads\/2024\/07\/wpp_200727_-76-1-copy-1.webp\" class=\"card-img-top\" alt=\"carousel image\" width=\"2560\" height=\"1253\">\n                <\/li>\n                    <\/ul>\n    <\/div>\n    <div class=\"glide__bullets\" data-glide-el=\"controls[nav]\">\n                        <button class=\"glide__bullet\" data-glide-dir=\"=0\"><\/button>\n            <\/div>\n<\/div>\n\n\n\n<div class=\"container content\" data-aos=\"fade-up\">\n                                                        <h1 class=\"smaller-title\">NUESTROS LUGARES DE BODA<\/h1>\n                                                                <div class=\"content\">\n                    <p>Todos nuestros lugares de celebraci\u00f3n de bodas en Salzburgo est\u00e1n convenientemente situados dentro de la ciudad o a s\u00f3lo 15 minutos en coche.  Salzburgo es una ciudad encantadora, perfecta para una cena rom\u00e1ntica o como tel\u00f3n de fondo para su banquete de bodas.  A pesar de su tama\u00f1o compacto, Salzburgo cuenta con m\u00e1s de 500 restaurantes, que ofrecen una variedad de experiencias gastron\u00f3micas cerca de su ceremonia.<\/p>\n<p>Tambi\u00e9n ofrecemos paquetes de recepci\u00f3n para complementar y completar el d\u00eda de su boda.  Si est\u00e1 interesado, no dude en pedirnos m\u00e1s detalles.  Para explorar nuestros lugares y paquetes de boda en Salzburgo, simplemente haga clic en uno de los enlaces siguientes.<\/p>\n<p><em><strong>Schedule a consultation, by\u00a0<a href=\"mailto:suzanne@salzburgweddingcompany.com\">email<\/a> or call me on my USA number +1 407 539 1538 or my Austrian number +43 660 704 1897<\/strong><\/em><\/p>\n                <\/div>\n                        <\/div>\n\n\n    <div class=\"container card-list\">\n        <div class=\"row\">\n                            <div class=\"col-sm-12 col-md-6 mb-5\">\n                    <a href=\"https:\/\/salzburgweddingcompany.com\/es\/mirabell-palace\/\" title=\"Palacio de Mirabell\">\n                      <div class=\"card\">\n                          <img loading=\"lazy\" decoding=\"async\" src=\"https:\/\/salzburgweddingcompany.com\/wp-content\/uploads\/2024\/08\/47-Sae-Iori-36.jpg\" class=\"card-img-top\" alt=\"Mirabell Palace\" width=\"430\" height=\"280\">\n                          <h5 class=\"card-title\">Palacio de Mirabell<\/h5>\n                          <div class=\"card-body\">\n                            <div class=\"card-text-wrapper\">\n                                <div class=\"card-text\"><p>The Marble Hall is situated within the Mirabell Palace ma\u2026<\/div>\n                            <\/div>\n                            <a href=\"https:\/\/salzburgweddingcompany.com\/es\/mirabell-palace\/\" class=\"read-more\"><p>Detalles del lugar<\/p>\n<\/a>\n                          <\/div>\n                      <\/div>\n                    <\/a>\n                <\/div>\n                            <div class=\"col-sm-12 col-md-6 mb-5\">\n                    <a href=\"https:\/\/salzburgweddingcompany.com\/es\/leopoldskron-schloss\/\" title=\"Castillo de Leopoldskron\">\n                      <div class=\"card\">\n                          <img loading=\"lazy\" decoding=\"async\" src=\"https:\/\/salzburgweddingcompany.com\/wp-content\/uploads\/2024\/08\/Leopoldskron-Hochzeit-1.jpg\" class=\"card-img-top\" alt=\"Schloss Leopoldskron\" width=\"430\" height=\"280\">\n                          <h5 class=\"card-title\">Castillo de Leopoldskron<\/h5>\n                          <div class=\"card-body\">\n                            <div class=\"card-text-wrapper\">\n                                <div class=\"card-text\"><p>Schloss Leopoldskron fue construido en 1736 como propiedad familiar...<\/div>\n                            <\/div>\n                            <a href=\"https:\/\/salzburgweddingcompany.com\/es\/leopoldskron-schloss\/\" class=\"read-more\"><p>Detalles del lugar<\/p>\n<\/a>\n                          <\/div>\n                      <\/div>\n                    <\/a>\n                <\/div>\n                            <div class=\"col-sm-12 col-md-6 mb-5\">\n                    <a href=\"https:\/\/salzburgweddingcompany.com\/es\/hellbrunn-palace\/\" title=\"Palacio de Hellbrunn\">\n                      <div class=\"card\">\n                          <img loading=\"lazy\" decoding=\"async\" src=\"https:\/\/salzburgweddingcompany.com\/wp-content\/uploads\/2024\/08\/IMG_6020_heic.jpg\" class=\"card-img-top\" alt=\"Hellbrunn Palace\" width=\"430\" height=\"280\">\n                          <h5 class=\"card-title\">Palacio de Hellbrunn<\/h5>\n                          <div class=\"card-body\">\n                            <div class=\"card-text-wrapper\">\n                                <div class=\"card-text\"><p>El Palacio de Hellbrun es un palacio de 400 a\u00f1os de antig\u00fcedad construido para Sa...<\/div>\n                            <\/div>\n                            <a href=\"https:\/\/salzburgweddingcompany.com\/es\/hellbrunn-palace\/\" class=\"read-more\"><p>Detalles del lugar<\/p>\n<\/a>\n                          <\/div>\n                      <\/div>\n                    <\/a>\n                <\/div>\n                            <div class=\"col-sm-12 col-md-6 mb-5\">\n                    <a href=\"https:\/\/salzburgweddingcompany.com\/es\/schloss-monchstein\/\" title=\"Castillo de M\u00f6nchstein\">\n                      <div class=\"card\">\n                          <img loading=\"lazy\" decoding=\"async\" src=\"https:\/\/salzburgweddingcompany.com\/wp-content\/uploads\/2024\/08\/Ausen-Apollo.jpg\" class=\"card-img-top\" alt=\"Schloss M\u00f6nchstein\" width=\"430\" height=\"280\">\n                          <h5 class=\"card-title\">Castillo de M\u00f6nchstein<\/h5>\n                          <div class=\"card-body\">\n                            <div class=\"card-text-wrapper\">\n                                <div class=\"card-text\"><p>C\u00e1sese en Schloss M\u00f6nchstein, uno de los palacios m\u00e1s...<\/div>\n                            <\/div>\n                            <a href=\"https:\/\/salzburgweddingcompany.com\/es\/schloss-monchstein\/\" class=\"read-more\"><p>Detalles del lugar<\/p>\n<\/a>\n                          <\/div>\n                      <\/div>\n                    <\/a>\n                <\/div>\n                            <div class=\"col-sm-12 col-md-6 mb-5\">\n                    <a href=\"https:\/\/salzburgweddingcompany.com\/es\/kavalierhaus-klessheim\/\" title=\"Kavalierhaus Klessheim\">\n                      <div class=\"card\">\n                          <img loading=\"lazy\" decoding=\"async\" src=\"https:\/\/salzburgweddingcompany.com\/wp-content\/uploads\/2020\/12\/kavalierhaus_klessheim_aussen10-1920x1173-1.jpg\" class=\"card-img-top\" alt=\"Kavalierhaus Klessheim\" width=\"430\" height=\"280\">\n                          <h5 class=\"card-title\">Kavalierhaus Klessheim<\/h5>\n                          <div class=\"card-body\">\n                            <div class=\"card-text-wrapper\">\n                                <div class=\"card-text\"><p>Situado en las afueras de Salzburgo, el Kavalierhaus Kl...<\/div>\n                            <\/div>\n                            <a href=\"https:\/\/salzburgweddingcompany.com\/es\/kavalierhaus-klessheim\/\" class=\"read-more\"><p>Detalles del lugar<\/p>\n<\/a>\n                          <\/div>\n                      <\/div>\n                    <\/a>\n                <\/div>\n                            <div class=\"col-sm-12 col-md-6 mb-5\">\n                    <a href=\"https:\/\/salzburgweddingcompany.com\/es\/gwandhaus-wedding-venue-salzburg\/\" title=\"Gwandhaus\">\n                      <div class=\"card\">\n                          <img loading=\"lazy\" decoding=\"async\" src=\"https:\/\/salzburgweddingcompany.com\/wp-content\/uploads\/2024\/09\/Gwandhaus-scaled.jpg\" class=\"card-img-top\" alt=\"Gwandhaus\" width=\"430\" height=\"280\">\n                          <h5 class=\"card-title\">Gwandhaus<\/h5>\n                          <div class=\"card-body\">\n                            <div class=\"card-text-wrapper\">\n                                <div class=\"card-text\"><p>Gwandhaus wedding venue Salzburg is located just a short \u2026<\/div>\n                            <\/div>\n                            <a href=\"https:\/\/salzburgweddingcompany.com\/es\/gwandhaus-wedding-venue-salzburg\/\" class=\"read-more\"><p>Detalles del lugar<\/p>\n<\/a>\n                          <\/div>\n                      <\/div>\n                    <\/a>\n                <\/div>\n                    <\/div>\n    <\/div>\n\n\n\n<div class=\"container-fluid custom-width\">\n  <div class=\"gallery glide js-image-slider\">\n    <div class=\"glide__track\" data-glide-el=\"track\">\n      <ul class=\"glide__slides\">\n                  <li class=\"glide__slide\">\n            <a href=\"#\" data-bs-toggle=\"modal\" data-bs-target=\"#gallery-modal\" data-index=\"0\">\n                <img decoding=\"async\" src=\"https:\/\/salzburgweddingcompany.com\/wp-content\/uploads\/2024\/07\/wpp_200915_-2.webp\" alt=\"Image 0\" class=\"w-100 h-auto\">\n            <\/a>\n          <\/li>\n                  <li class=\"glide__slide\">\n            <a href=\"#\" data-bs-toggle=\"modal\" data-bs-target=\"#gallery-modal\" data-index=\"1\">\n                <img decoding=\"async\" src=\"https:\/\/salzburgweddingcompany.com\/wp-content\/uploads\/2024\/02\/wpp_200915_-27-1-copy-X2.jpg\" alt=\"Image 1\" class=\"w-100 h-auto\">\n            <\/a>\n          <\/li>\n                  <li class=\"glide__slide\">\n            <a href=\"#\" data-bs-toggle=\"modal\" data-bs-target=\"#gallery-modal\" data-index=\"2\">\n                <img decoding=\"async\" src=\"https:\/\/salzburgweddingcompany.com\/wp-content\/uploads\/2024\/02\/8Z6A6304-X2.jpg\" alt=\"Image 2\" class=\"w-100 h-auto\">\n            <\/a>\n          <\/li>\n                  <li class=\"glide__slide\">\n            <a href=\"#\" data-bs-toggle=\"modal\" data-bs-target=\"#gallery-modal\" data-index=\"3\">\n                <img decoding=\"async\" src=\"https:\/\/salzburgweddingcompany.com\/wp-content\/uploads\/2024\/02\/IMG_6020_heic-X2.jpg\" alt=\"Image 3\" class=\"w-100 h-auto\">\n            <\/a>\n          <\/li>\n                  <li class=\"glide__slide\">\n            <a href=\"#\" data-bs-toggle=\"modal\" data-bs-target=\"#gallery-modal\" data-index=\"4\">\n                <img decoding=\"async\" src=\"https:\/\/salzburgweddingcompany.com\/wp-content\/uploads\/2022\/11\/IMG_4689_HEIC-scaled-1.jpg\" alt=\"Image 4\" class=\"w-100 h-auto\">\n            <\/a>\n          <\/li>\n              <\/ul>\n    <\/div>\n\n    <div class=\"glide__arrows\" data-glide-el=\"controls\">\n        <button class=\"glide__arrow glide__arrow--left\" data-glide-dir=\"&lt;\" data-ga-category=\"Button\" data-ga-action=\"Click\" data-ga-label=\"Slider Left Button\">\n            <img decoding=\"async\" src=\"https:\/\/salzburgweddingcompany.com\/wp-content\/themes\/winter-park\/assets\/icons\/arrow-left.svg\" alt=\"arrow-left\">\n        <\/button>\n        <button class=\"glide__arrow glide__arrow--right\" data-glide-dir=\"&gt;\" data-ga-category=\"Button\" data-ga-action=\"Click\" data-ga-label=\"Slider Right Button\">\n            <img decoding=\"async\" src=\"https:\/\/salzburgweddingcompany.com\/wp-content\/themes\/winter-park\/assets\/icons\/arrow-right.svg\" alt=\"arrow-right\">\n        <\/button>\n    <\/div>\n\n    <div class=\"glide__bullets d-none\" data-glide-el=\"controls[nav]\">\n              <button class=\"glide__bullet\" data-glide-dir=\"=0\"><\/button>\n              <button class=\"glide__bullet\" data-glide-dir=\"=1\"><\/button>\n              <button class=\"glide__bullet\" data-glide-dir=\"=2\"><\/button>\n              <button class=\"glide__bullet\" data-glide-dir=\"=3\"><\/button>\n              <button class=\"glide__bullet\" data-glide-dir=\"=4\"><\/button>\n          <\/div>\n  <\/div>\n<\/div>\n\n<div class=\"modal gallery-modal fade\" id=\"gallery-modal\" tabindex=\"-1\" aria-labelledby=\"gallery-modal-label\"\n    aria-hidden=\"true\">\n    <div class=\"modal-dialog modal-dialog-centered modal-fullscreen\">\n        <div class=\"modal-content\">\n            <div class=\"modal-header\">\n            <button type=\"button\" class=\"close\" data-bs-dismiss=\"modal\" aria-label=\"Cerrar\">\n                <img decoding=\"async\" src=\"https:\/\/salzburgweddingcompany.com\/wp-content\/themes\/winter-park\/assets\/icons\/close-icon.jpeg\" alt=\"Close\">\n            <\/button>\n            <\/div>\n            <div class=\"modal-body\">\n              <div class=\"modal-slider glide\">\n                    <div class=\"glide__track\" data-glide-el=\"track\">\n                        <ul class=\"glide__slides\">\n                                                            <li class=\"glide__slide\">\n                                    <img decoding=\"async\" src=\"https:\/\/salzburgweddingcompany.com\/wp-content\/uploads\/2024\/07\/wpp_200915_-2.webp\" class=\"card-img-top\" alt=\"carousel image\">\n                                <\/li>\n                                                            <li class=\"glide__slide\">\n                                    <img decoding=\"async\" src=\"https:\/\/salzburgweddingcompany.com\/wp-content\/uploads\/2024\/02\/wpp_200915_-27-1-copy-X2.jpg\" class=\"card-img-top\" alt=\"carousel image\">\n                                <\/li>\n                                                            <li class=\"glide__slide\">\n                                    <img decoding=\"async\" src=\"https:\/\/salzburgweddingcompany.com\/wp-content\/uploads\/2024\/02\/8Z6A6304-X2.jpg\" class=\"card-img-top\" alt=\"carousel image\">\n                                <\/li>\n                                                            <li class=\"glide__slide\">\n                                    <img decoding=\"async\" src=\"https:\/\/salzburgweddingcompany.com\/wp-content\/uploads\/2024\/02\/IMG_6020_heic-X2.jpg\" class=\"card-img-top\" alt=\"carousel image\">\n                                <\/li>\n                                                            <li class=\"glide__slide\">\n                                    <img decoding=\"async\" src=\"https:\/\/salzburgweddingcompany.com\/wp-content\/uploads\/2022\/11\/IMG_4689_HEIC-scaled-1.jpg\" class=\"card-img-top\" alt=\"carousel image\">\n                                <\/li>\n                                                    <\/ul>\n                    <\/div>\n                    <div class=\"glide__arrows\" data-glide-el=\"controls\">\n                        <button class=\"glide__arrow glide__arrow--left\" data-glide-dir=\"&lt;\" data-ga-category=\"Button\" data-ga-action=\"Click\" data-ga-label=\"Slider Left Button\">\n                            <img decoding=\"async\" src=\"https:\/\/salzburgweddingcompany.com\/wp-content\/themes\/winter-park\/assets\/icons\/arrow-left.svg\" alt=\"arrow-left\">\n                        <\/button>\n                        <button class=\"glide__arrow glide__arrow--right\" data-glide-dir=\"&gt;\" data-ga-category=\"Button\" data-ga-action=\"Click\" data-ga-label=\"Slider Right Button\">\n                            <img decoding=\"async\" src=\"https:\/\/salzburgweddingcompany.com\/wp-content\/themes\/winter-park\/assets\/icons\/arrow-right.svg\" alt=\"arrow-right\">\n                        <\/button>\n                    <\/div>\n                <\/div>\n            <\/div>\n        <\/div>\n    <\/div>\n<\/div>","protected":false},"excerpt":{"rendered":"","protected":false},"author":4,"featured_media":0,"parent":0,"menu_order":0,"comment_status":"closed","ping_status":"closed","template":"","meta":{"_acf_changed":false,"footnotes":""},"class_list":["post-9","page","type-page","status-publish","hentry"],"acf":[],"yoast_head":"<!-- This site is optimized with the Yoast SEO plugin v25.8 - https:\/\/yoast.com\/wordpress\/plugins\/seo\/ -->\n<title>Wedding Packages in Salzburg | Silver, Gold &amp; Platinum Options<\/title>\n<meta name=\"description\" content=\"Explore Salzburg wedding packages tailored for every couple, from intimate elopements to full-service planning.\" \/>\n<meta name=\"robots\" content=\"index, follow, max-snippet:-1, max-image-preview:large, max-video-preview:-1\" \/>\n<link rel=\"canonical\" href=\"https:\/\/salzburgweddingcompany.com\/es\/wedding-venues-packages\/\" \/>\n<meta property=\"og:locale\" content=\"es_ES\" \/>\n<meta property=\"og:type\" content=\"article\" \/>\n<meta property=\"og:title\" content=\"Wedding Packages in Salzburg | Silver, Gold &amp; Platinum Options\" \/>\n<meta property=\"og:description\" content=\"Explore Salzburg wedding packages tailored for every couple, from intimate elopements to full-service planning.\" \/>\n<meta property=\"og:url\" content=\"https:\/\/salzburgweddingcompany.com\/es\/wedding-venues-packages\/\" \/>\n<meta property=\"og:site_name\" content=\"Wedding Events &amp; Wedding Venues\" \/>\n<meta property=\"article:publisher\" content=\"https:\/\/www.facebook.com\/winterparkweddingcompany\/\" \/>\n<meta property=\"article:modified_time\" content=\"2025-07-11T11:09:07+00:00\" \/>\n<meta property=\"og:image\" content=\"https:\/\/salzburgweddingcompany.com\/wp-content\/uploads\/2024\/09\/salzburg-wedding-1200x675-1.jpg\" \/>\n\t<meta property=\"og:image:width\" content=\"1200\" \/>\n\t<meta property=\"og:image:height\" content=\"675\" \/>\n\t<meta property=\"og:image:type\" content=\"image\/jpeg\" \/>\n<meta name=\"twitter:card\" content=\"summary_large_image\" \/>\n<script type=\"application\/ld+json\" class=\"yoast-schema-graph\">{\"@context\":\"https:\/\/schema.org\",\"@graph\":[{\"@type\":\"WebPage\",\"@id\":\"https:\/\/salzburgweddingcompany.com\/wedding-venues-packages\/\",\"url\":\"https:\/\/salzburgweddingcompany.com\/wedding-venues-packages\/\",\"name\":\"Wedding Packages in Salzburg | Silver, Gold & Platinum Options\",\"isPartOf\":{\"@id\":\"https:\/\/salzburgwedding.mystagingwebsite.com\/#website\"},\"datePublished\":\"2024-01-10T13:09:09+00:00\",\"dateModified\":\"2025-07-11T11:09:07+00:00\",\"description\":\"Explore Salzburg wedding packages tailored for every couple, from intimate elopements to full-service planning.\",\"breadcrumb\":{\"@id\":\"https:\/\/salzburgweddingcompany.com\/wedding-venues-packages\/#breadcrumb\"},\"inLanguage\":\"es\",\"potentialAction\":[{\"@type\":\"ReadAction\",\"target\":[\"https:\/\/salzburgweddingcompany.com\/wedding-venues-packages\/\"]}]},{\"@type\":\"BreadcrumbList\",\"@id\":\"https:\/\/salzburgweddingcompany.com\/wedding-venues-packages\/#breadcrumb\",\"itemListElement\":[{\"@type\":\"ListItem\",\"position\":1,\"name\":\"Home\",\"item\":\"https:\/\/salzburgweddingcompany.com\/\"},{\"@type\":\"ListItem\",\"position\":2,\"name\":\"Wedding Venues\"}]},{\"@type\":\"WebSite\",\"@id\":\"https:\/\/salzburgwedding.mystagingwebsite.com\/#website\",\"url\":\"https:\/\/salzburgwedding.mystagingwebsite.com\/\",\"name\":\"Winter Park Wedding Events & Wedding Venues\",\"description\":\"Salzburg Wedding Company organizes Weddings, Events, Wedding Venues in Salzburg Austria\",\"publisher\":{\"@id\":\"https:\/\/salzburgwedding.mystagingwebsite.com\/#organization\"},\"potentialAction\":[{\"@type\":\"SearchAction\",\"target\":{\"@type\":\"EntryPoint\",\"urlTemplate\":\"https:\/\/salzburgwedding.mystagingwebsite.com\/?s={search_term_string}\"},\"query-input\":{\"@type\":\"PropertyValueSpecification\",\"valueRequired\":true,\"valueName\":\"search_term_string\"}}],\"inLanguage\":\"es\"},{\"@type\":\"Organization\",\"@id\":\"https:\/\/salzburgwedding.mystagingwebsite.com\/#organization\",\"name\":\"Wedding Events & Wedding Venues\",\"url\":\"https:\/\/salzburgwedding.mystagingwebsite.com\/\",\"logo\":{\"@type\":\"ImageObject\",\"inLanguage\":\"es\",\"@id\":\"https:\/\/salzburgwedding.mystagingwebsite.com\/#\/schema\/logo\/image\/\",\"url\":\"https:\/\/salzburgweddingcompany.com\/wp-content\/uploads\/2024\/08\/cropped-SWCom_Icon_COL_RGB_400px.jpg\",\"contentUrl\":\"https:\/\/salzburgweddingcompany.com\/wp-content\/uploads\/2024\/08\/cropped-SWCom_Icon_COL_RGB_400px.jpg\",\"width\":512,\"height\":512,\"caption\":\"Wedding Events & Wedding Venues\"},\"image\":{\"@id\":\"https:\/\/salzburgwedding.mystagingwebsite.com\/#\/schema\/logo\/image\/\"},\"sameAs\":[\"https:\/\/www.facebook.com\/winterparkweddingcompany\/\",\"https:\/\/www.instagram.com\/wpweddingcompany\/\",\"https:\/\/www.pinterest.com\/wpwc\/\"]}]}<\/script>\n<!-- \/ Yoast SEO plugin. -->","yoast_head_json":{"title":"Wedding Packages in Salzburg | Silver, Gold & Platinum Options","description":"Explore Salzburg wedding packages tailored for every couple, from intimate elopements to full-service planning.","robots":{"index":"index","follow":"follow","max-snippet":"max-snippet:-1","max-image-preview":"max-image-preview:large","max-video-preview":"max-video-preview:-1"},"canonical":"https:\/\/salzburgweddingcompany.com\/es\/wedding-venues-packages\/","og_locale":"es_ES","og_type":"article","og_title":"Wedding Packages in Salzburg | Silver, Gold & Platinum Options","og_description":"Explore Salzburg wedding packages tailored for every couple, from intimate elopements to full-service planning.","og_url":"https:\/\/salzburgweddingcompany.com\/es\/wedding-venues-packages\/","og_site_name":"Wedding Events &amp; Wedding Venues","article_publisher":"https:\/\/www.facebook.com\/winterparkweddingcompany\/","article_modified_time":"2025-07-11T11:09:07+00:00","og_image":[{"width":1200,"height":675,"url":"https:\/\/salzburgweddingcompany.com\/wp-content\/uploads\/2024\/09\/salzburg-wedding-1200x675-1.jpg","type":"image\/jpeg"}],"twitter_card":"summary_large_image","schema":{"@context":"https:\/\/schema.org","@graph":[{"@type":"WebPage","@id":"https:\/\/salzburgweddingcompany.com\/wedding-venues-packages\/","url":"https:\/\/salzburgweddingcompany.com\/wedding-venues-packages\/","name":"Wedding Packages in Salzburg | Silver, Gold & Platinum Options","isPartOf":{"@id":"https:\/\/salzburgwedding.mystagingwebsite.com\/#website"},"datePublished":"2024-01-10T13:09:09+00:00","dateModified":"2025-07-11T11:09:07+00:00","description":"Explore Salzburg wedding packages tailored for every couple, from intimate elopements to full-service planning.","breadcrumb":{"@id":"https:\/\/salzburgweddingcompany.com\/wedding-venues-packages\/#breadcrumb"},"inLanguage":"es","potentialAction":[{"@type":"ReadAction","target":["https:\/\/salzburgweddingcompany.com\/wedding-venues-packages\/"]}]},{"@type":"BreadcrumbList","@id":"https:\/\/salzburgweddingcompany.com\/wedding-venues-packages\/#breadcrumb","itemListElement":[{"@type":"ListItem","position":1,"name":"Home","item":"https:\/\/salzburgweddingcompany.com\/"},{"@type":"ListItem","position":2,"name":"Wedding Venues"}]},{"@type":"WebSite","@id":"https:\/\/salzburgwedding.mystagingwebsite.com\/#website","url":"https:\/\/salzburgwedding.mystagingwebsite.com\/","name":"Eventos y lugares de boda en Winter Park","description":"Salzburg Wedding Company organiza Bodas, Eventos, Lugares de Boda en Salzburgo Austria","publisher":{"@id":"https:\/\/salzburgwedding.mystagingwebsite.com\/#organization"},"potentialAction":[{"@type":"SearchAction","target":{"@type":"EntryPoint","urlTemplate":"https:\/\/salzburgwedding.mystagingwebsite.com\/?s={search_term_string}"},"query-input":{"@type":"PropertyValueSpecification","valueRequired":true,"valueName":"search_term_string"}}],"inLanguage":"es"},{"@type":"Organization","@id":"https:\/\/salzburgwedding.mystagingwebsite.com\/#organization","name":"Eventos y lugares de boda","url":"https:\/\/salzburgwedding.mystagingwebsite.com\/","logo":{"@type":"ImageObject","inLanguage":"es","@id":"https:\/\/salzburgwedding.mystagingwebsite.com\/#\/schema\/logo\/image\/","url":"https:\/\/salzburgweddingcompany.com\/wp-content\/uploads\/2024\/08\/cropped-SWCom_Icon_COL_RGB_400px.jpg","contentUrl":"https:\/\/salzburgweddingcompany.com\/wp-content\/uploads\/2024\/08\/cropped-SWCom_Icon_COL_RGB_400px.jpg","width":512,"height":512,"caption":"Wedding Events & Wedding Venues"},"image":{"@id":"https:\/\/salzburgwedding.mystagingwebsite.com\/#\/schema\/logo\/image\/"},"sameAs":["https:\/\/www.facebook.com\/winterparkweddingcompany\/","https:\/\/www.instagram.com\/wpweddingcompany\/","https:\/\/www.pinterest.com\/wpwc\/"]}]}},"jetpack_sharing_enabled":true,"_links":{"self":[{"href":"https:\/\/salzburgweddingcompany.com\/es\/wp-json\/wp\/v2\/pages\/9","targetHints":{"allow":["GET"]}}],"collection":[{"href":"https:\/\/salzburgweddingcompany.com\/es\/wp-json\/wp\/v2\/pages"}],"about":[{"href":"https:\/\/salzburgweddingcompany.com\/es\/wp-json\/wp\/v2\/types\/page"}],"author":[{"embeddable":true,"href":"https:\/\/salzburgweddingcompany.com\/es\/wp-json\/wp\/v2\/users\/4"}],"replies":[{"embeddable":true,"href":"https:\/\/salzburgweddingcompany.com\/es\/wp-json\/wp\/v2\/comments?post=9"}],"version-history":[{"count":96,"href":"https:\/\/salzburgweddingcompany.com\/es\/wp-json\/wp\/v2\/pages\/9\/revisions"}],"predecessor-version":[{"id":3114,"href":"https:\/\/salzburgweddingcompany.com\/es\/wp-json\/wp\/v2\/pages\/9\/revisions\/3114"}],"wp:attachment":[{"href":"https:\/\/salzburgweddingcompany.com\/es\/wp-json\/wp\/v2\/media?parent=9"}],"curies":[{"name":"wp","href":"https:\/\/api.w.org\/{rel}","templated":true}]}}