{"id":809,"date":"2024-02-01T12:41:09","date_gmt":"2024-02-01T12:41:09","guid":{"rendered":"https:\/\/salzburgweddingcompany.com\/?page_id=809"},"modified":"2024-08-31T14:17:33","modified_gmt":"2024-08-31T14:17:33","slug":"terms-and-conditions","status":"publish","type":"page","link":"https:\/\/salzburgweddingcompany.com\/es\/terms-and-conditions\/","title":{"rendered":"Condiciones generales"},"content":{"rendered":"<div class=\"height-100\"><\/div>\n\n\n\n<div class=\"container content\" data-aos=\"fade-up\">\n                                                        <h1 class=\"smaller-title\">Condiciones generales<\/h1>\n                                                                <div class=\"content\">\n                    <p>Una vez que haya llamado o enviado un correo electr\u00f3nico a Suzanne para establecer la disponibilidad de la fecha deseada, la Compa\u00f1\u00eda de Bodas de Salzburgo mantendr\u00e1 la hora y el d\u00eda solicitados hasta 5 d\u00edas antes de necesitar un dep\u00f3sito de 50% del saldo total adeudado. Las bodas se reservan por orden de llegada. La presentaci\u00f3n de su solicitud firmada y el pago del dep\u00f3sito de alquiler son necesarios para confirmar su fecha y hora. El saldo final deber\u00e1 abonarse en su totalidad 1 mes antes del d\u00eda de su boda. Los pagos pueden realizarse mediante transferencia bancaria o tarjeta de cr\u00e9dito. Se aplica una comisi\u00f3n de 3,5% por tarjeta de cr\u00e9dito.<\/p>\n<p>Nuestras bodas tendr\u00e1n lugar a las 9h, 10h, 11h, 12h, 13h, 14h, 15h 16h y 17h (16h en los meses de invierno).<\/p>\n<p>Pol\u00edtica de reembolso<br \/>\nLas cancelaciones y los cambios de fecha deben solicitarse por escrito y enviarse por correo electr\u00f3nico a Suzanne@salzburgweddingcompany.com. En caso de cancelaci\u00f3n del evento, se aplicar\u00e1 la siguiente pol\u00edtica de reembolso:<\/p>\n<p>50% Reembolso: Si se cancela entre la fecha de la firma y 90 d\u00edas antes del evento programado<\/p>\n<p>40% Reembolso: Si se cancela entre 30 y 89 d\u00edas antes del evento programado<\/p>\n<p>No hay reembolso: Si se cancela antes de 29 d\u00edas del evento programado<\/p>\n<p>En el caso de condiciones clim\u00e1ticas extremas o Mandatos del Gobierno podemos reprogramar su boda o evento hasta un a\u00f1o fuera sin honorarios o sanciones. Para cancelaciones debido a cualquiera de las situaciones anteriores se aplica nuestra pol\u00edtica de cancelaci\u00f3n regular.<\/p>\n<p>Cualquier equipo o decoraci\u00f3n que desee traer debe ser montado y desmontado dentro de su horario de alquiler programado y discutido con Suzanne antes de la boda.<\/p>\n<p>Se necesita una tarjeta de cr\u00e9dito para asegurar la boda y se cobrar\u00e1 por el tiempo extra despu\u00e9s del tiempo de gracia de 15 minutos. Los cargos comenzar\u00e1n en 150 \u20ac por cada media hora despu\u00e9s de la hora preestablecida en el contrato de alquiler.<\/p>\n                <\/div>\n                        <\/div>\n\n\n\n<div style=\"height:100px\" aria-hidden=\"true\" class=\"wp-block-spacer\"><\/div>","protected":false},"excerpt":{"rendered":"","protected":false},"author":4,"featured_media":0,"parent":0,"menu_order":0,"comment_status":"closed","ping_status":"closed","template":"","meta":{"_acf_changed":false,"footnotes":""},"class_list":["post-809","page","type-page","status-publish","hentry"],"acf":[],"yoast_head":"<!-- This site is optimized with the Yoast SEO plugin v25.8 - https:\/\/yoast.com\/wordpress\/plugins\/seo\/ -->\n<title>Terms and conditions - Wedding Events &amp; Wedding Venues<\/title>\n<meta name=\"description\" content=\"Discover our comprehensive terms and conditions, outlining the guidelines and agreements for our services. Ensure clarity and transparency in your interactions with us. Read our terms and conditions today.\" \/>\n<meta name=\"robots\" content=\"index, follow, max-snippet:-1, max-image-preview:large, max-video-preview:-1\" \/>\n<link rel=\"canonical\" href=\"https:\/\/salzburgweddingcompany.com\/es\/terms-and-conditions\/\" \/>\n<meta property=\"og:locale\" content=\"es_ES\" \/>\n<meta property=\"og:type\" content=\"article\" \/>\n<meta property=\"og:title\" content=\"Terms and conditions - Wedding Events &amp; Wedding Venues\" \/>\n<meta property=\"og:description\" content=\"Discover our comprehensive terms and conditions, outlining the guidelines and agreements for our services. Ensure clarity and transparency in your interactions with us. Read our terms and conditions today.\" \/>\n<meta property=\"og:url\" content=\"https:\/\/salzburgweddingcompany.com\/es\/terms-and-conditions\/\" \/>\n<meta property=\"og:site_name\" content=\"Wedding Events &amp; Wedding Venues\" \/>\n<meta property=\"article:publisher\" content=\"https:\/\/www.facebook.com\/winterparkweddingcompany\/\" \/>\n<meta property=\"article:modified_time\" content=\"2024-08-31T14:17:33+00:00\" \/>\n<meta property=\"og:image\" content=\"https:\/\/salzburgweddingcompany.com\/wp-content\/uploads\/2024\/09\/salzburg-wedding-1200x675-1.jpg\" \/>\n\t<meta property=\"og:image:width\" content=\"1200\" \/>\n\t<meta property=\"og:image:height\" content=\"675\" \/>\n\t<meta property=\"og:image:type\" content=\"image\/jpeg\" \/>\n<meta name=\"twitter:card\" content=\"summary_large_image\" \/>\n<script type=\"application\/ld+json\" class=\"yoast-schema-graph\">{\"@context\":\"https:\/\/schema.org\",\"@graph\":[{\"@type\":\"WebPage\",\"@id\":\"https:\/\/salzburgweddingcompany.com\/terms-and-conditions\/\",\"url\":\"https:\/\/salzburgweddingcompany.com\/terms-and-conditions\/\",\"name\":\"Terms and conditions - Wedding Events &amp; Wedding Venues\",\"isPartOf\":{\"@id\":\"https:\/\/salzburgwedding.mystagingwebsite.com\/#website\"},\"datePublished\":\"2024-02-01T12:41:09+00:00\",\"dateModified\":\"2024-08-31T14:17:33+00:00\",\"description\":\"Discover our comprehensive terms and conditions, outlining the guidelines and agreements for our services. Ensure clarity and transparency in your interactions with us. Read our terms and conditions today.\",\"breadcrumb\":{\"@id\":\"https:\/\/salzburgweddingcompany.com\/terms-and-conditions\/#breadcrumb\"},\"inLanguage\":\"es\",\"potentialAction\":[{\"@type\":\"ReadAction\",\"target\":[\"https:\/\/salzburgweddingcompany.com\/terms-and-conditions\/\"]}]},{\"@type\":\"BreadcrumbList\",\"@id\":\"https:\/\/salzburgweddingcompany.com\/terms-and-conditions\/#breadcrumb\",\"itemListElement\":[{\"@type\":\"ListItem\",\"position\":1,\"name\":\"Home\",\"item\":\"https:\/\/salzburgweddingcompany.com\/\"},{\"@type\":\"ListItem\",\"position\":2,\"name\":\"Terms and conditions\"}]},{\"@type\":\"WebSite\",\"@id\":\"https:\/\/salzburgwedding.mystagingwebsite.com\/#website\",\"url\":\"https:\/\/salzburgwedding.mystagingwebsite.com\/\",\"name\":\"Winter Park Wedding Events & Wedding Venues\",\"description\":\"Salzburg Wedding Company organizes Weddings, Events, Wedding Venues in Salzburg Austria\",\"publisher\":{\"@id\":\"https:\/\/salzburgwedding.mystagingwebsite.com\/#organization\"},\"potentialAction\":[{\"@type\":\"SearchAction\",\"target\":{\"@type\":\"EntryPoint\",\"urlTemplate\":\"https:\/\/salzburgwedding.mystagingwebsite.com\/?s={search_term_string}\"},\"query-input\":{\"@type\":\"PropertyValueSpecification\",\"valueRequired\":true,\"valueName\":\"search_term_string\"}}],\"inLanguage\":\"es\"},{\"@type\":\"Organization\",\"@id\":\"https:\/\/salzburgwedding.mystagingwebsite.com\/#organization\",\"name\":\"Wedding Events & Wedding Venues\",\"url\":\"https:\/\/salzburgwedding.mystagingwebsite.com\/\",\"logo\":{\"@type\":\"ImageObject\",\"inLanguage\":\"es\",\"@id\":\"https:\/\/salzburgwedding.mystagingwebsite.com\/#\/schema\/logo\/image\/\",\"url\":\"https:\/\/salzburgweddingcompany.com\/wp-content\/uploads\/2024\/08\/cropped-SWCom_Icon_COL_RGB_400px.jpg\",\"contentUrl\":\"https:\/\/salzburgweddingcompany.com\/wp-content\/uploads\/2024\/08\/cropped-SWCom_Icon_COL_RGB_400px.jpg\",\"width\":512,\"height\":512,\"caption\":\"Wedding Events & Wedding Venues\"},\"image\":{\"@id\":\"https:\/\/salzburgwedding.mystagingwebsite.com\/#\/schema\/logo\/image\/\"},\"sameAs\":[\"https:\/\/www.facebook.com\/winterparkweddingcompany\/\",\"https:\/\/www.instagram.com\/wpweddingcompany\/\",\"https:\/\/www.pinterest.com\/wpwc\/\"]}]}<\/script>\n<!-- \/ Yoast SEO plugin. -->","yoast_head_json":{"title":"T\u00e9rminos y condiciones - Wedding Events &amp; Wedding Venues","description":"Descubra nuestras completas condiciones generales, que describen las directrices y acuerdos de nuestros servicios. Garantice claridad y transparencia en sus interacciones con nosotros. Lea nuestras condiciones hoy mismo.","robots":{"index":"index","follow":"follow","max-snippet":"max-snippet:-1","max-image-preview":"max-image-preview:large","max-video-preview":"max-video-preview:-1"},"canonical":"https:\/\/salzburgweddingcompany.com\/es\/terms-and-conditions\/","og_locale":"es_ES","og_type":"article","og_title":"Terms and conditions - Wedding Events &amp; Wedding Venues","og_description":"Discover our comprehensive terms and conditions, outlining the guidelines and agreements for our services. Ensure clarity and transparency in your interactions with us. Read our terms and conditions today.","og_url":"https:\/\/salzburgweddingcompany.com\/es\/terms-and-conditions\/","og_site_name":"Wedding Events &amp; Wedding Venues","article_publisher":"https:\/\/www.facebook.com\/winterparkweddingcompany\/","article_modified_time":"2024-08-31T14:17:33+00:00","og_image":[{"width":1200,"height":675,"url":"https:\/\/salzburgweddingcompany.com\/wp-content\/uploads\/2024\/09\/salzburg-wedding-1200x675-1.jpg","type":"image\/jpeg"}],"twitter_card":"summary_large_image","schema":{"@context":"https:\/\/schema.org","@graph":[{"@type":"WebPage","@id":"https:\/\/salzburgweddingcompany.com\/terms-and-conditions\/","url":"https:\/\/salzburgweddingcompany.com\/terms-and-conditions\/","name":"T\u00e9rminos y condiciones - Wedding Events &amp; Wedding Venues","isPartOf":{"@id":"https:\/\/salzburgwedding.mystagingwebsite.com\/#website"},"datePublished":"2024-02-01T12:41:09+00:00","dateModified":"2024-08-31T14:17:33+00:00","description":"Descubra nuestras completas condiciones generales, que describen las directrices y acuerdos de nuestros servicios. Garantice claridad y transparencia en sus interacciones con nosotros. Lea nuestras condiciones hoy mismo.","breadcrumb":{"@id":"https:\/\/salzburgweddingcompany.com\/terms-and-conditions\/#breadcrumb"},"inLanguage":"es","potentialAction":[{"@type":"ReadAction","target":["https:\/\/salzburgweddingcompany.com\/terms-and-conditions\/"]}]},{"@type":"BreadcrumbList","@id":"https:\/\/salzburgweddingcompany.com\/terms-and-conditions\/#breadcrumb","itemListElement":[{"@type":"ListItem","position":1,"name":"Home","item":"https:\/\/salzburgweddingcompany.com\/"},{"@type":"ListItem","position":2,"name":"Terms and conditions"}]},{"@type":"WebSite","@id":"https:\/\/salzburgwedding.mystagingwebsite.com\/#website","url":"https:\/\/salzburgwedding.mystagingwebsite.com\/","name":"Eventos y lugares de boda en Winter Park","description":"Salzburg Wedding Company organiza Bodas, Eventos, Lugares de Boda en Salzburgo Austria","publisher":{"@id":"https:\/\/salzburgwedding.mystagingwebsite.com\/#organization"},"potentialAction":[{"@type":"SearchAction","target":{"@type":"EntryPoint","urlTemplate":"https:\/\/salzburgwedding.mystagingwebsite.com\/?s={search_term_string}"},"query-input":{"@type":"PropertyValueSpecification","valueRequired":true,"valueName":"search_term_string"}}],"inLanguage":"es"},{"@type":"Organization","@id":"https:\/\/salzburgwedding.mystagingwebsite.com\/#organization","name":"Eventos y lugares de boda","url":"https:\/\/salzburgwedding.mystagingwebsite.com\/","logo":{"@type":"ImageObject","inLanguage":"es","@id":"https:\/\/salzburgwedding.mystagingwebsite.com\/#\/schema\/logo\/image\/","url":"https:\/\/salzburgweddingcompany.com\/wp-content\/uploads\/2024\/08\/cropped-SWCom_Icon_COL_RGB_400px.jpg","contentUrl":"https:\/\/salzburgweddingcompany.com\/wp-content\/uploads\/2024\/08\/cropped-SWCom_Icon_COL_RGB_400px.jpg","width":512,"height":512,"caption":"Wedding Events & Wedding Venues"},"image":{"@id":"https:\/\/salzburgwedding.mystagingwebsite.com\/#\/schema\/logo\/image\/"},"sameAs":["https:\/\/www.facebook.com\/winterparkweddingcompany\/","https:\/\/www.instagram.com\/wpweddingcompany\/","https:\/\/www.pinterest.com\/wpwc\/"]}]}},"jetpack_sharing_enabled":true,"_links":{"self":[{"href":"https:\/\/salzburgweddingcompany.com\/es\/wp-json\/wp\/v2\/pages\/809","targetHints":{"allow":["GET"]}}],"collection":[{"href":"https:\/\/salzburgweddingcompany.com\/es\/wp-json\/wp\/v2\/pages"}],"about":[{"href":"https:\/\/salzburgweddingcompany.com\/es\/wp-json\/wp\/v2\/types\/page"}],"author":[{"embeddable":true,"href":"https:\/\/salzburgweddingcompany.com\/es\/wp-json\/wp\/v2\/users\/4"}],"replies":[{"embeddable":true,"href":"https:\/\/salzburgweddingcompany.com\/es\/wp-json\/wp\/v2\/comments?post=809"}],"version-history":[{"count":13,"href":"https:\/\/salzburgweddingcompany.com\/es\/wp-json\/wp\/v2\/pages\/809\/revisions"}],"predecessor-version":[{"id":2323,"href":"https:\/\/salzburgweddingcompany.com\/es\/wp-json\/wp\/v2\/pages\/809\/revisions\/2323"}],"wp:attachment":[{"href":"https:\/\/salzburgweddingcompany.com\/es\/wp-json\/wp\/v2\/media?parent=809"}],"curies":[{"name":"wp","href":"https:\/\/api.w.org\/{rel}","templated":true}]}}