{"id":30,"date":"2024-01-10T13:52:33","date_gmt":"2024-01-10T13:52:33","guid":{"rendered":"https:\/\/salzburgweddingcompany.com\/?page_id=30"},"modified":"2025-07-11T11:24:45","modified_gmt":"2025-07-11T11:24:45","slug":"gallery","status":"publish","type":"page","link":"https:\/\/salzburgweddingcompany.com\/es\/gallery\/","title":{"rendered":"Fotograf\u00eda y v\u00eddeo"},"content":{"rendered":"<div class=\"carousel-slider-large glide\">\n    <div class=\"centered-content\">\n                <h1 class=\"title fs-1 text-uppercase text-white\"><\/h1>\n    <\/div>\n    <div class=\"glide__track\" data-glide-el=\"track\">\n        <ul class=\"glide__slides\">\n                            <li class=\"glide__slide\">\n                    <div class=\"carousel-bg\"><\/div>\n                    <img loading=\"lazy\" decoding=\"async\" src=\"https:\/\/salzburgweddingcompany.com\/wp-content\/uploads\/2024\/08\/IMG_7332-scaled.jpg\" class=\"card-img-top\" alt=\"carousel image\" width=\"2560\" height=\"1253\">\n                <\/li>\n                    <\/ul>\n    <\/div>\n    <div class=\"glide__bullets\" data-glide-el=\"controls[nav]\">\n                        <button class=\"glide__bullet\" data-glide-dir=\"=0\"><\/button>\n            <\/div>\n<\/div>\n\n\n\n<div class=\"container content\" data-aos=\"fade-up\">\n                                                        <h1 class=\"smaller-title\">Foto y v\u00eddeo<\/h1>\n                                                                <div class=\"content\">\n                    <p>Una vez que el gran d\u00eda de la boda ha terminado, la adrenalina del d\u00eda disminuye, las maletas de la luna de miel se deshacen y vuelves al trabajo con esa sonrisa fija de \"reci\u00e9n casado\" a\u00fan en la cara, lo siguiente que esperas con impaciencia es recibir las fotograf\u00edas de tu boda. <\/p>\n<p>No te arriesgues a dejar la responsabilidad de los recuerdos de tu boda en manos de personas que no est\u00e1n acostumbradas a ello. Puede que tengas un amigo o un t\u00edo que tenga una c\u00e1mara estupenda, pero, a menos que sean fot\u00f3grafos de bodas experimentados, te preocupar\u00e1 saber si tu amigo o tu familiar est\u00e1n o no a la altura del trabajo. \u00bfPor qu\u00e9 arriesgar las relaciones y poner a los amigos bajo presi\u00f3n cuando puedes dej\u00e1rselo a los profesionales?<\/p>\n                <\/div>\n                        <\/div>\n\n\n\n<div class=\"container-fluid custom-width\">\n  <div class=\"gallery glide js-image-slider\">\n    <div class=\"glide__track\" data-glide-el=\"track\">\n      <ul class=\"glide__slides\">\n                  <li class=\"glide__slide\">\n            <a href=\"#\" data-bs-toggle=\"modal\" data-bs-target=\"#gallery-modal\" data-index=\"0\">\n                <img decoding=\"async\" src=\"https:\/\/salzburgweddingcompany.com\/wp-content\/uploads\/2024\/05\/IMG_7333-scaled-1.jpeg\" alt=\"Image 0\" class=\"w-100 h-auto\">\n            <\/a>\n          <\/li>\n                  <li class=\"glide__slide\">\n            <a href=\"#\" data-bs-toggle=\"modal\" data-bs-target=\"#gallery-modal\" data-index=\"1\">\n                <img decoding=\"async\" src=\"https:\/\/salzburgweddingcompany.com\/wp-content\/uploads\/2022\/11\/NB5A8517-scaled-1.jpg\" alt=\"Image 1\" class=\"w-100 h-auto\">\n            <\/a>\n          <\/li>\n                  <li class=\"glide__slide\">\n            <a href=\"#\" data-bs-toggle=\"modal\" data-bs-target=\"#gallery-modal\" data-index=\"2\">\n                <img decoding=\"async\" src=\"https:\/\/salzburgweddingcompany.com\/wp-content\/uploads\/2022\/11\/8Z6A6304.jpg\" alt=\"Image 2\" class=\"w-100 h-auto\">\n            <\/a>\n          <\/li>\n              <\/ul>\n    <\/div>\n\n    <div class=\"glide__arrows\" data-glide-el=\"controls\">\n        <button class=\"glide__arrow glide__arrow--left\" data-glide-dir=\"&lt;\" data-ga-category=\"Button\" data-ga-action=\"Click\" data-ga-label=\"Slider Left Button\">\n            <img decoding=\"async\" src=\"https:\/\/salzburgweddingcompany.com\/wp-content\/themes\/winter-park\/assets\/icons\/arrow-left.svg\" alt=\"arrow-left\">\n        <\/button>\n        <button class=\"glide__arrow glide__arrow--right\" data-glide-dir=\"&gt;\" data-ga-category=\"Button\" data-ga-action=\"Click\" data-ga-label=\"Slider Right Button\">\n            <img decoding=\"async\" src=\"https:\/\/salzburgweddingcompany.com\/wp-content\/themes\/winter-park\/assets\/icons\/arrow-right.svg\" alt=\"arrow-right\">\n        <\/button>\n    <\/div>\n\n    <div class=\"glide__bullets d-none\" data-glide-el=\"controls[nav]\">\n              <button class=\"glide__bullet\" data-glide-dir=\"=0\"><\/button>\n              <button class=\"glide__bullet\" data-glide-dir=\"=1\"><\/button>\n              <button class=\"glide__bullet\" data-glide-dir=\"=2\"><\/button>\n          <\/div>\n  <\/div>\n<\/div>\n\n<div class=\"modal gallery-modal fade\" id=\"gallery-modal\" tabindex=\"-1\" aria-labelledby=\"gallery-modal-label\"\n    aria-hidden=\"true\">\n    <div class=\"modal-dialog modal-dialog-centered modal-fullscreen\">\n        <div class=\"modal-content\">\n            <div class=\"modal-header\">\n            <button type=\"button\" class=\"close\" data-bs-dismiss=\"modal\" aria-label=\"Cerrar\">\n                <img decoding=\"async\" src=\"https:\/\/salzburgweddingcompany.com\/wp-content\/themes\/winter-park\/assets\/icons\/close-icon.jpeg\" alt=\"Close\">\n            <\/button>\n            <\/div>\n            <div class=\"modal-body\">\n              <div class=\"modal-slider glide\">\n                    <div class=\"glide__track\" data-glide-el=\"track\">\n                        <ul class=\"glide__slides\">\n                                                            <li class=\"glide__slide\">\n                                    <img decoding=\"async\" src=\"https:\/\/salzburgweddingcompany.com\/wp-content\/uploads\/2024\/05\/IMG_7333-scaled-1.jpeg\" class=\"card-img-top\" alt=\"carousel image\">\n                                <\/li>\n                                                            <li class=\"glide__slide\">\n                                    <img decoding=\"async\" src=\"https:\/\/salzburgweddingcompany.com\/wp-content\/uploads\/2022\/11\/NB5A8517-scaled-1.jpg\" class=\"card-img-top\" alt=\"carousel image\">\n                                <\/li>\n                                                            <li class=\"glide__slide\">\n                                    <img decoding=\"async\" src=\"https:\/\/salzburgweddingcompany.com\/wp-content\/uploads\/2022\/11\/8Z6A6304.jpg\" class=\"card-img-top\" alt=\"carousel image\">\n                                <\/li>\n                                                    <\/ul>\n                    <\/div>\n                    <div class=\"glide__arrows\" data-glide-el=\"controls\">\n                        <button class=\"glide__arrow glide__arrow--left\" data-glide-dir=\"&lt;\" data-ga-category=\"Button\" data-ga-action=\"Click\" data-ga-label=\"Slider Left Button\">\n                            <img decoding=\"async\" src=\"https:\/\/salzburgweddingcompany.com\/wp-content\/themes\/winter-park\/assets\/icons\/arrow-left.svg\" alt=\"arrow-left\">\n                        <\/button>\n                        <button class=\"glide__arrow glide__arrow--right\" data-glide-dir=\"&gt;\" data-ga-category=\"Button\" data-ga-action=\"Click\" data-ga-label=\"Slider Right Button\">\n                            <img decoding=\"async\" src=\"https:\/\/salzburgweddingcompany.com\/wp-content\/themes\/winter-park\/assets\/icons\/arrow-right.svg\" alt=\"arrow-right\">\n                        <\/button>\n                    <\/div>\n                <\/div>\n            <\/div>\n        <\/div>\n    <\/div>\n<\/div>\n\n\n\n<div class=\"container content\" data-aos=\"fade-up\">\n                                                        <div class=\"content\">\n                    <p>Tenemos paquetes incre\u00edbles que incluyen la fotograf\u00eda de uno de nuestros equipos de expertos fot\u00f3grafos que saben d\u00f3nde estar en las diferentes etapas de su ceremonia para obtener las tomas importantes. Saben c\u00f3mo hacer fotos de grupo profesionales y est\u00e1n formados para conocer los rincones y grietas de Salzburgo y sus alrededores, por lo que pueden llevarle a los mejores lugares para conseguir las mejores fotos en funci\u00f3n de la iluminaci\u00f3n, la hora del d\u00eda y el tiempo.<\/p>\n<p><em><strong>Schedule a consultation, by <a href=\"mailto:suzanne@salzburgweddingcompany.com\">email<\/a> or call me on my USA number +1 407 539 1538 or my Austrian number +43 660 704 1897<\/strong><\/em><\/p>\n                <\/div>\n                                                                <h4 class=\"purple-title\">Precios razonables de fotograf\u00eda de bodas<\/h4>\n                                                                <div class=\"content\">\n                    <p>Independientemente del paquete de fotograf\u00eda de boda que elijas, tus im\u00e1genes se publicar\u00e1n en una galer\u00eda online en un plazo de dos semanas desde el d\u00eda de tu boda, para que puedas empezar a compartir el enlace r\u00e1pidamente con familiares y amigos de toda la ciudad o del mundo. La galer\u00eda tiene incluso una opci\u00f3n de presentaci\u00f3n de diapositivas para que tus amigos lejanos puedan sentarse y ver un espect\u00e1culo con s\u00f3lo pulsar un bot\u00f3n.<\/p>\n<p>Los paquetes de impresi\u00f3n del sitio se han creado pensando espec\u00edficamente en las bodas (y en tu cartera), e incluyen varias configuraciones de tama\u00f1os de copias para que puedas crear tu propio \u00e1lbum en casa. La galer\u00eda tambi\u00e9n te permite encargar lo que quieras, desde ampliaciones individuales y \u00e1lbumes de fotos de alta calidad hasta tazas y calendarios. Tu imaginaci\u00f3n es el l\u00edmite cuando se trata de lo que puedes hacer.<\/p>\n                <\/div>\n                        <\/div>\n\n\n\n<div class=\"container\">\n    <div class=\"centered-button\">\n        <a href=\"https:\/\/wpphotography.smugmug.com\/Weddings\">\n          <button class=\"custom-button\">VER FOTOS<\/button>\n        <\/a>\n    <\/div>\n<\/div>","protected":false},"excerpt":{"rendered":"","protected":false},"author":4,"featured_media":0,"parent":0,"menu_order":0,"comment_status":"closed","ping_status":"closed","template":"","meta":{"_acf_changed":false,"footnotes":""},"class_list":["post-30","page","type-page","status-publish","hentry"],"acf":[],"yoast_head":"<!-- This site is optimized with the Yoast SEO plugin v25.8 - https:\/\/yoast.com\/wordpress\/plugins\/seo\/ -->\n<title>Real Weddings in Salzburg | Inspiration Gallery<\/title>\n<meta name=\"description\" content=\"View real weddings planned by Salzburg Wedding Company from elegant Mirabell ceremonies to mountain view celebrations.\" \/>\n<meta name=\"robots\" content=\"index, follow, max-snippet:-1, max-image-preview:large, max-video-preview:-1\" \/>\n<link rel=\"canonical\" href=\"https:\/\/salzburgweddingcompany.com\/es\/gallery\/\" \/>\n<meta property=\"og:locale\" content=\"es_ES\" \/>\n<meta property=\"og:type\" content=\"article\" \/>\n<meta property=\"og:title\" content=\"Real Weddings in Salzburg | Inspiration Gallery\" \/>\n<meta property=\"og:description\" content=\"View real weddings planned by Salzburg Wedding Company from elegant Mirabell ceremonies to mountain view celebrations.\" \/>\n<meta property=\"og:url\" content=\"https:\/\/salzburgweddingcompany.com\/es\/gallery\/\" \/>\n<meta property=\"og:site_name\" content=\"Wedding Events &amp; Wedding Venues\" \/>\n<meta property=\"article:publisher\" content=\"https:\/\/www.facebook.com\/winterparkweddingcompany\/\" \/>\n<meta property=\"article:modified_time\" content=\"2025-07-11T11:24:45+00:00\" \/>\n<meta property=\"og:image\" content=\"https:\/\/salzburgweddingcompany.com\/wp-content\/uploads\/2024\/09\/salzburg-wedding-1200x675-1.jpg\" \/>\n\t<meta property=\"og:image:width\" content=\"1200\" \/>\n\t<meta property=\"og:image:height\" content=\"675\" \/>\n\t<meta property=\"og:image:type\" content=\"image\/jpeg\" \/>\n<meta name=\"twitter:card\" content=\"summary_large_image\" \/>\n<script type=\"application\/ld+json\" class=\"yoast-schema-graph\">{\"@context\":\"https:\/\/schema.org\",\"@graph\":[{\"@type\":\"WebPage\",\"@id\":\"https:\/\/salzburgweddingcompany.com\/gallery\/\",\"url\":\"https:\/\/salzburgweddingcompany.com\/gallery\/\",\"name\":\"Real Weddings in Salzburg | Inspiration Gallery\",\"isPartOf\":{\"@id\":\"https:\/\/salzburgwedding.mystagingwebsite.com\/#website\"},\"datePublished\":\"2024-01-10T13:52:33+00:00\",\"dateModified\":\"2025-07-11T11:24:45+00:00\",\"description\":\"View real weddings planned by Salzburg Wedding Company from elegant Mirabell ceremonies to mountain view celebrations.\",\"breadcrumb\":{\"@id\":\"https:\/\/salzburgweddingcompany.com\/gallery\/#breadcrumb\"},\"inLanguage\":\"es\",\"potentialAction\":[{\"@type\":\"ReadAction\",\"target\":[\"https:\/\/salzburgweddingcompany.com\/gallery\/\"]}]},{\"@type\":\"BreadcrumbList\",\"@id\":\"https:\/\/salzburgweddingcompany.com\/gallery\/#breadcrumb\",\"itemListElement\":[{\"@type\":\"ListItem\",\"position\":1,\"name\":\"Home\",\"item\":\"https:\/\/salzburgweddingcompany.com\/\"},{\"@type\":\"ListItem\",\"position\":2,\"name\":\"Photo &#038; Video\"}]},{\"@type\":\"WebSite\",\"@id\":\"https:\/\/salzburgwedding.mystagingwebsite.com\/#website\",\"url\":\"https:\/\/salzburgwedding.mystagingwebsite.com\/\",\"name\":\"Winter Park Wedding Events & Wedding Venues\",\"description\":\"Salzburg Wedding Company organizes Weddings, Events, Wedding Venues in Salzburg Austria\",\"publisher\":{\"@id\":\"https:\/\/salzburgwedding.mystagingwebsite.com\/#organization\"},\"potentialAction\":[{\"@type\":\"SearchAction\",\"target\":{\"@type\":\"EntryPoint\",\"urlTemplate\":\"https:\/\/salzburgwedding.mystagingwebsite.com\/?s={search_term_string}\"},\"query-input\":{\"@type\":\"PropertyValueSpecification\",\"valueRequired\":true,\"valueName\":\"search_term_string\"}}],\"inLanguage\":\"es\"},{\"@type\":\"Organization\",\"@id\":\"https:\/\/salzburgwedding.mystagingwebsite.com\/#organization\",\"name\":\"Wedding Events & Wedding Venues\",\"url\":\"https:\/\/salzburgwedding.mystagingwebsite.com\/\",\"logo\":{\"@type\":\"ImageObject\",\"inLanguage\":\"es\",\"@id\":\"https:\/\/salzburgwedding.mystagingwebsite.com\/#\/schema\/logo\/image\/\",\"url\":\"https:\/\/salzburgweddingcompany.com\/wp-content\/uploads\/2024\/08\/cropped-SWCom_Icon_COL_RGB_400px.jpg\",\"contentUrl\":\"https:\/\/salzburgweddingcompany.com\/wp-content\/uploads\/2024\/08\/cropped-SWCom_Icon_COL_RGB_400px.jpg\",\"width\":512,\"height\":512,\"caption\":\"Wedding Events & Wedding Venues\"},\"image\":{\"@id\":\"https:\/\/salzburgwedding.mystagingwebsite.com\/#\/schema\/logo\/image\/\"},\"sameAs\":[\"https:\/\/www.facebook.com\/winterparkweddingcompany\/\",\"https:\/\/www.instagram.com\/wpweddingcompany\/\",\"https:\/\/www.pinterest.com\/wpwc\/\"]}]}<\/script>\n<!-- \/ Yoast SEO plugin. -->","yoast_head_json":{"title":"Real Weddings in Salzburg | Inspiration Gallery","description":"View real weddings planned by Salzburg Wedding Company from elegant Mirabell ceremonies to mountain view celebrations.","robots":{"index":"index","follow":"follow","max-snippet":"max-snippet:-1","max-image-preview":"max-image-preview:large","max-video-preview":"max-video-preview:-1"},"canonical":"https:\/\/salzburgweddingcompany.com\/es\/gallery\/","og_locale":"es_ES","og_type":"article","og_title":"Real Weddings in Salzburg | Inspiration Gallery","og_description":"View real weddings planned by Salzburg Wedding Company from elegant Mirabell ceremonies to mountain view celebrations.","og_url":"https:\/\/salzburgweddingcompany.com\/es\/gallery\/","og_site_name":"Wedding Events &amp; Wedding Venues","article_publisher":"https:\/\/www.facebook.com\/winterparkweddingcompany\/","article_modified_time":"2025-07-11T11:24:45+00:00","og_image":[{"width":1200,"height":675,"url":"https:\/\/salzburgweddingcompany.com\/wp-content\/uploads\/2024\/09\/salzburg-wedding-1200x675-1.jpg","type":"image\/jpeg"}],"twitter_card":"summary_large_image","schema":{"@context":"https:\/\/schema.org","@graph":[{"@type":"WebPage","@id":"https:\/\/salzburgweddingcompany.com\/gallery\/","url":"https:\/\/salzburgweddingcompany.com\/gallery\/","name":"Real Weddings in Salzburg | Inspiration Gallery","isPartOf":{"@id":"https:\/\/salzburgwedding.mystagingwebsite.com\/#website"},"datePublished":"2024-01-10T13:52:33+00:00","dateModified":"2025-07-11T11:24:45+00:00","description":"View real weddings planned by Salzburg Wedding Company from elegant Mirabell ceremonies to mountain view celebrations.","breadcrumb":{"@id":"https:\/\/salzburgweddingcompany.com\/gallery\/#breadcrumb"},"inLanguage":"es","potentialAction":[{"@type":"ReadAction","target":["https:\/\/salzburgweddingcompany.com\/gallery\/"]}]},{"@type":"BreadcrumbList","@id":"https:\/\/salzburgweddingcompany.com\/gallery\/#breadcrumb","itemListElement":[{"@type":"ListItem","position":1,"name":"Home","item":"https:\/\/salzburgweddingcompany.com\/"},{"@type":"ListItem","position":2,"name":"Photo &#038; Video"}]},{"@type":"WebSite","@id":"https:\/\/salzburgwedding.mystagingwebsite.com\/#website","url":"https:\/\/salzburgwedding.mystagingwebsite.com\/","name":"Eventos y lugares de boda en Winter Park","description":"Salzburg Wedding Company organiza Bodas, Eventos, Lugares de Boda en Salzburgo Austria","publisher":{"@id":"https:\/\/salzburgwedding.mystagingwebsite.com\/#organization"},"potentialAction":[{"@type":"SearchAction","target":{"@type":"EntryPoint","urlTemplate":"https:\/\/salzburgwedding.mystagingwebsite.com\/?s={search_term_string}"},"query-input":{"@type":"PropertyValueSpecification","valueRequired":true,"valueName":"search_term_string"}}],"inLanguage":"es"},{"@type":"Organization","@id":"https:\/\/salzburgwedding.mystagingwebsite.com\/#organization","name":"Eventos y lugares de boda","url":"https:\/\/salzburgwedding.mystagingwebsite.com\/","logo":{"@type":"ImageObject","inLanguage":"es","@id":"https:\/\/salzburgwedding.mystagingwebsite.com\/#\/schema\/logo\/image\/","url":"https:\/\/salzburgweddingcompany.com\/wp-content\/uploads\/2024\/08\/cropped-SWCom_Icon_COL_RGB_400px.jpg","contentUrl":"https:\/\/salzburgweddingcompany.com\/wp-content\/uploads\/2024\/08\/cropped-SWCom_Icon_COL_RGB_400px.jpg","width":512,"height":512,"caption":"Wedding Events & Wedding Venues"},"image":{"@id":"https:\/\/salzburgwedding.mystagingwebsite.com\/#\/schema\/logo\/image\/"},"sameAs":["https:\/\/www.facebook.com\/winterparkweddingcompany\/","https:\/\/www.instagram.com\/wpweddingcompany\/","https:\/\/www.pinterest.com\/wpwc\/"]}]}},"jetpack_sharing_enabled":true,"_links":{"self":[{"href":"https:\/\/salzburgweddingcompany.com\/es\/wp-json\/wp\/v2\/pages\/30","targetHints":{"allow":["GET"]}}],"collection":[{"href":"https:\/\/salzburgweddingcompany.com\/es\/wp-json\/wp\/v2\/pages"}],"about":[{"href":"https:\/\/salzburgweddingcompany.com\/es\/wp-json\/wp\/v2\/types\/page"}],"author":[{"embeddable":true,"href":"https:\/\/salzburgweddingcompany.com\/es\/wp-json\/wp\/v2\/users\/4"}],"replies":[{"embeddable":true,"href":"https:\/\/salzburgweddingcompany.com\/es\/wp-json\/wp\/v2\/comments?post=30"}],"version-history":[{"count":56,"href":"https:\/\/salzburgweddingcompany.com\/es\/wp-json\/wp\/v2\/pages\/30\/revisions"}],"predecessor-version":[{"id":3116,"href":"https:\/\/salzburgweddingcompany.com\/es\/wp-json\/wp\/v2\/pages\/30\/revisions\/3116"}],"wp:attachment":[{"href":"https:\/\/salzburgweddingcompany.com\/es\/wp-json\/wp\/v2\/media?parent=30"}],"curies":[{"name":"wp","href":"https:\/\/api.w.org\/{rel}","templated":true}]}}